{"id":91,"date":"2024-04-12T22:39:50","date_gmt":"2024-04-13T03:39:50","guid":{"rendered":"https:\/\/aca.edu.pa\/principal\/home\/"},"modified":"2024-04-22T08:56:21","modified_gmt":"2024-04-22T13:56:21","slug":"espanol","status":"publish","type":"page","link":"https:\/\/aca.edu.pa\/principal\/","title":{"rendered":"Espa\u00f1ol"},"content":{"rendered":"\n\n\n\n\n\n\n\n\n\n\nAGAPE CHRISTIAN ACADEMY\n\n<p style=\"text-align: center; \">Una escuela comunitaria basada en una educaci\u00f3n cristiana para impactar a la sociedad con principios de Jesucristo.<\/p>\n\n\n\n\n\n\nNuestros Objetivos\n\n\n\n\n<p>Buscamos proporcionar capacitaci\u00f3n para construir el car\u00e1cter piadoso de Cristo a trav\u00e9s de un curr\u00edculo acad\u00e9mico y de un sistema de aprendizaje individualizado basado en la Biblia.<\/p>\n\n\n<p>Queremos proporcionar un ambiente espiritual en la crianza de los ni\u00f1os para que se conviertan en individuos cristianos maduros a trav\u00e9s del liderazgo cristiano.<\/p>\n\n\n\n\n<p>Nuestro objetivo es alcanzar y comprometer a la comunidad, especialmente a las familias de nuestros estudiantes, mostr\u00e1ndoles el amor de Dios en Cristo Jes\u00fas.<\/p>\n\n\n<p>Anhelamos fomentar y apoyar el crecimiento espiritual y profesional de nuestros colaboradores.<\/p>\n\n\n\n\n\n\n\n\nFormando a la nueva generaci\u00f3n con los valores de Jesucristo\n\n\n\n\n\n\n\n\n\n\nNuestros Docentes\n\n<p style=\"text-align: center; \"><span style=\"color: rgba(0, 0, 0, 0.65); font-family: Muli, sans-serif;\">Nuestros profesores son unos apasionados de la ense\u00f1anza y se forman para ayudar a cada ni\u00f1o a alcanzar sus objetivos de aprendizaje. Est\u00e1n formados en los primeros a\u00f1os de la educaci\u00f3n. El plan de estudios y el entorno de aprendizaje permiten a cada ni\u00f1o avanzar progresivamente y con confianza<\/span>.<\/p>\n\n\n\n\n\n\n\n\n\n\n\n\nBreve Historia&nbsp;\n\n<p style=\"text-align: center; \">\u00c1gape Christian Academy ha estado operando desde el 2010, siguiendo la visi\u00f3n de servir a la comunidad china en Panam\u00e1, bajo el ala de la Iglesias Alianzas Chinas en Panama. En 2019, para mejorar el servicio a la comunidad y formalizar operaciones, se crea la fundaci\u00f3n sin fines de lucro Agape Alliance Ministry Foundation. La fundaci\u00f3n tiene como objetivo de abrir varias escuelas a nivel nacional, centros de idioma chino e iglesias chinas. Ese mismo a\u00f1o se formaliza el primer centro educativo con el nombre \u00c1gape Christian Academy. Hoy somos una escuela primaria con m\u00e1s de 50 alumnos, de edades de 3-12 a\u00f1os, y con m\u00e1s de 10 maestros que ense\u00f1an mayormente en ingl\u00e9s y chino.&nbsp;<\/p>\n\n\n\n\n\n\n\n\n\n\n\n\n\n\n\n\n\n\n\n&#8216;El temor de Jehov\u00e1 es el principio de la sabidur\u00eda,<br>Y el conocimiento del Sant\u00edsimo es la inteligencia.&#8217;\n\n\n\n\n\n\n","protected":false},"excerpt":{"rendered":"","protected":false},"author":1,"featured_media":0,"parent":0,"menu_order":0,"comment_status":"closed","ping_status":"closed","template":"","meta":{"pagelayer_contact_templates":[],"_pagelayer_content":"","footnotes":""},"class_list":["post-91","page","type-page","status-publish","hentry"],"_links":{"self":[{"href":"https:\/\/aca.edu.pa\/principal\/wp-json\/wp\/v2\/pages\/91","targetHints":{"allow":["GET"]}}],"collection":[{"href":"https:\/\/aca.edu.pa\/principal\/wp-json\/wp\/v2\/pages"}],"about":[{"href":"https:\/\/aca.edu.pa\/principal\/wp-json\/wp\/v2\/types\/page"}],"author":[{"embeddable":true,"href":"https:\/\/aca.edu.pa\/principal\/wp-json\/wp\/v2\/users\/1"}],"replies":[{"embeddable":true,"href":"https:\/\/aca.edu.pa\/principal\/wp-json\/wp\/v2\/comments?post=91"}],"version-history":[{"count":17,"href":"https:\/\/aca.edu.pa\/principal\/wp-json\/wp\/v2\/pages\/91\/revisions"}],"predecessor-version":[{"id":155,"href":"https:\/\/aca.edu.pa\/principal\/wp-json\/wp\/v2\/pages\/91\/revisions\/155"}],"wp:attachment":[{"href":"https:\/\/aca.edu.pa\/principal\/wp-json\/wp\/v2\/media?parent=91"}],"curies":[{"name":"wp","href":"https:\/\/api.w.org\/{rel}","templated":true}]}}